{"id":53,"date":"2022-08-11T10:55:46","date_gmt":"2022-08-11T10:55:46","guid":{"rendered":"http:\/\/303media.hr\/?page_id=53"},"modified":"2022-08-11T12:21:17","modified_gmt":"2022-08-11T12:21:17","slug":"contact","status":"publish","type":"page","link":"https:\/\/303media.hr\/index.php\/contact\/","title":{"rendered":"Kontakt"},"content":{"rendered":"\n<div class=\"wp-block-columns alignfull is-layout-flex wp-container-core-columns-is-layout-28f84493 wp-block-columns-is-layout-flex\">\n<div class=\"wp-block-column is-layout-flow wp-block-column-is-layout-flow\">\n\n\n<p><\/p>\n<\/div>\n<\/div>\n\n\n\n<div class=\"wp-block-group\"><div class=\"wp-block-group__inner-container is-layout-flow wp-block-group-is-layout-flow\">\n<div class=\"wp-block-columns are-vertically-aligned-center container is-layout-flex wp-container-core-columns-is-layout-28f84493 wp-block-columns-is-layout-flex\">\n<div class=\"wp-block-column is-vertically-aligned-center is-layout-flow wp-block-column-is-layout-flow\">\n<blockquote class=\"wp-block-quote is-layout-flow wp-block-quote-is-layout-flow\"><p>Te\u017ei boljemu&#8230;<\/p><\/blockquote>\n<\/div>\n\n\n\n<div class=\"wp-block-column is-vertically-aligned-center is-layout-flow wp-block-column-is-layout-flow\">\n<div class=\"wp-block-columns is-layout-flex wp-container-core-columns-is-layout-28f84493 wp-block-columns-is-layout-flex\">\n<div class=\"wp-block-column is-layout-flow wp-block-column-is-layout-flow\" style=\"flex-basis:50%\">\n<h4 class=\"has-text-align-left hestia-title has-text-color wp-block-heading\" style=\"color:#3c4858;font-size:18px\"><img decoding=\"async\" class=\"wp-image-86\" style=\"width: 25px;\" src=\"http:\/\/303media.hr\/wp-content\/themes\/hestia\/assets\/img\/contact1.png\" alt=\"Map icon\">  Podaci <\/h4>\n\n\n\n<p class=\"has-small-font-size\"><strong>303 MEDIA<\/strong>, obrt za usluge, vl. Zorana Jagodi\u0107<\/p>\n\n\n\n<p class=\"has-small-font-size\">Vrbik 33, ZAGREB<\/p>\n\n\n\n<h4 class=\"has-text-align-left hestia-title has-text-color wp-block-heading\" style=\"color:#3c4858;font-size:18px\"><img decoding=\"async\" class=\"wp-image-98\" style=\"width: 25px;\" src=\"http:\/\/303media.hr\/wp-content\/themes\/hestia\/assets\/img\/contact2.png\" alt=\"\">  <strong><strong>Kontakt<\/strong><\/strong><\/h4>\n\n\n\n<p class=\"has-text-align-left has-text-color has-small-font-size\" style=\"color:#999999\">Zorana Jagodi\u0107<br>+385 99 446 5574<br>zorana@303media.hr<\/p>\n<\/div>\n<\/div>\n<\/div>\n<\/div>\n<\/div><\/div>\n\n\n\n<p><\/p>\n","protected":false},"excerpt":{"rendered":"<p>Te\u017ei boljemu&#8230; Podaci 303 MEDIA, obrt za usluge, vl. Zorana Jagodi\u0107 Vrbik 33, ZAGREB Kontakt Zorana Jagodi\u0107+385 99 446 5574zorana@303media.hr<\/p>\n","protected":false},"author":1,"featured_media":45,"parent":0,"menu_order":0,"comment_status":"closed","ping_status":"closed","template":"page-templates\/template-pagebuilder-full-width.php","meta":{"footnotes":""},"class_list":["post-53","page","type-page","status-publish","has-post-thumbnail","hentry"],"_links":{"self":[{"href":"https:\/\/303media.hr\/index.php\/wp-json\/wp\/v2\/pages\/53","targetHints":{"allow":["GET"]}}],"collection":[{"href":"https:\/\/303media.hr\/index.php\/wp-json\/wp\/v2\/pages"}],"about":[{"href":"https:\/\/303media.hr\/index.php\/wp-json\/wp\/v2\/types\/page"}],"author":[{"embeddable":true,"href":"https:\/\/303media.hr\/index.php\/wp-json\/wp\/v2\/users\/1"}],"replies":[{"embeddable":true,"href":"https:\/\/303media.hr\/index.php\/wp-json\/wp\/v2\/comments?post=53"}],"version-history":[{"count":7,"href":"https:\/\/303media.hr\/index.php\/wp-json\/wp\/v2\/pages\/53\/revisions"}],"predecessor-version":[{"id":112,"href":"https:\/\/303media.hr\/index.php\/wp-json\/wp\/v2\/pages\/53\/revisions\/112"}],"wp:featuredmedia":[{"embeddable":true,"href":"https:\/\/303media.hr\/index.php\/wp-json\/wp\/v2\/media\/45"}],"wp:attachment":[{"href":"https:\/\/303media.hr\/index.php\/wp-json\/wp\/v2\/media?parent=53"}],"curies":[{"name":"wp","href":"https:\/\/api.w.org\/{rel}","templated":true}]}}